{"id":337,"date":"2019-10-13T16:33:05","date_gmt":"2019-10-13T14:33:05","guid":{"rendered":"https:\/\/grafinggoesgreen.de\/?page_id=337"},"modified":"2024-11-12T17:07:29","modified_gmt":"2024-11-12T16:07:29","slug":"sponsoren","status":"publish","type":"page","link":"https:\/\/grafinggoesgreen.de\/index.php\/sponsoren\/","title":{"rendered":"Sponsoren"},"content":{"rendered":"<p>An dieser Stelle m\u00f6chten wir uns ganz herzlich bei unseren Sponsoren und Unterst\u00fctzern bedanken, ohne die wir unser Projekt nicht h\u00e4tten realisieren k\u00f6nnen:<\/p>\n<p>Vielen Dank an unsere<strong> Sponsoren<\/strong>\u00a0(in alphabetischer Reihenfolge):<\/p>\n<ul>\n<li>der<span style=\"color: #008000;\"><strong> <a style=\"color: #008000;\" href=\"https:\/\/www.baeckerei-daumoser.de\">B\u00e4ckerei Daumoser<\/a><\/strong><\/span>\u00a0f\u00fcr die gro\u00dfz\u00fcgige Bereitstellung von Gutscheinen im Wert von insgesamt 50\u20ac<\/li>\n<li>dem Magazin <a href=\"https:\/\/www.forum-csr.net\" target=\"_blank\" rel=\"noopener noreferrer\"><strong><span style=\"color: #008000;\">&#8220;forum nachhaltig Wirtschaften&#8221;<\/span><\/strong><\/a> f\u00fcr die Bereitstellung von\u00a0Zeitschriften und die Ver\u00f6ffentlichung unseres Artikels (s.<span style=\"color: #003300;\"> <a style=\"color: #003300;\" href=\"https:\/\/grafinggoesgreen.de\/index.php\/pressemeldungen\/\" target=\"_blank\" rel=\"noopener\">Pressemeldungen<\/a><\/span>)<\/li>\n<li><a href=\"https:\/\/www.ellis-cafehaus.de\/\" target=\"_blank\" rel=\"noopener\"><span style=\"color: #008000;\"><strong>Ellis Caf\u00e9haus<\/strong><\/span><\/a> f\u00fcr das Sponsern eines Kuchens f\u00fcr unser Jahrestreffen<\/li>\n<li>den <a href=\"https:\/\/www.fw-grafing.de\" target=\"_blank\" rel=\"noopener\"><span style=\"color: #008000;\"><strong>Freien W\u00e4hlern Grafing<\/strong><\/span><\/a>\u00a0f\u00fcr ihre gro\u00dfz\u00fcgige Spende von 500\u20ac<\/li>\n<li>der <a href=\"https:\/\/www.mein-hasi.de\" target=\"_blank\" rel=\"noopener\"><span style=\"color: #008000;\"><strong>Hasi B\u00e4ckerei<\/strong><\/span><\/a> f\u00fcr die monatliche Bereitstellung von Gutscheinen f\u00fcr unsere Verlosungen und der Spende von Brezen f\u00fcr unser Jahrestreffen<\/li>\n<li>dem <a href=\"https:\/\/mala.cafe\/\" target=\"_blank\" rel=\"noopener\"><span style=\"color: #008000;\"><strong>Caf\u00e9 Mala<\/strong><\/span><\/a> f\u00fcr das Bereitstellen einer Torte f\u00fcr unser Jahrestreffen<\/li>\n<li>der <span style=\"color: #008000;\"><strong><a style=\"color: #008000;\" href=\"https:\/\/www.icegreenmanufaktur.de\">Icegreen Manufaktur<\/a> <\/strong><\/span>f\u00fcr die gro\u00dfz\u00fcgige Bereitstellung von Gutscheinen im Wert von insgesamt 50\u20ac<\/li>\n<li>dem <a href=\"https:\/\/www.korn-biomarkt.de\"><strong><span style=\"color: #008000;\">Korn Biomark<\/span><span style=\"color: #008000;\">t<\/span><\/strong><\/a> f\u00fcr f\u00fcr das gro\u00dfz\u00fcgige Sponsoring der dritten Auflage unserer Stempelkarten<\/li>\n<li>der <strong><span style=\"color: #008000;\"><a style=\"color: #008000;\" href=\"https:\/\/www.rv-ebe.de\/wir-fuer-sie\/filialen-ansprechpartner\/filialen\/uebersicht-filialen\/filiale0.html\">Raiffeisenbank-Volksbank Gesch\u00e4ftsstelle Grafing<\/a> <\/span><\/strong>f\u00fcr die gro\u00dfz\u00fcgige Spende von 250\u20ac<\/li>\n<li><a href=\"https:\/\/rebeutel.de\" target=\"_blank\" rel=\"noopener noreferrer\"><strong><span style=\"color: #008000;\">rebeutel<\/span><\/strong><\/a> f\u00fcr die gro\u00dfz\u00fcgige Bereitstellung von wiederverwendbaren Brotzeit- und Jutebeuteln aus recycelten Materialien<\/li>\n<li><a href=\"https:\/\/www.rewe.de\/marktseite\/Martin-Gruber\/\" target=\"_blank\" rel=\"noopener noreferrer\"><strong><span style=\"color: #008000;\">Rewe Martin Gruber<\/span><\/strong><\/a> f\u00fcr das gro\u00dfz\u00fcgige Sponsoring der zweiten Auflage unserer Stempelkarten<\/li>\n<li>der <a href=\"https:\/\/www.ebersberg.de\/home.html\" target=\"_blank\" rel=\"noopener\"><span style=\"color: #008000;\"><strong>Stadt Ebersberg<\/strong><\/span><\/a> f\u00fcr das monatliche Bereitstellen der ersten drei Preise f\u00fcr unsere Verlosungen (Ebersberger Einkaufgutscheine im Wert von insgesamt 60\u20ac)<\/li>\n<li>der <a href=\"https:\/\/www.grafing.de\" target=\"_blank\" rel=\"noopener noreferrer\"><strong><span style=\"color: #008000;\">Stadt Grafing<\/span><\/strong><\/a>\u00a0f\u00fcr das monatliche Bereitstellen der ersten drei Preise f\u00fcr unsere Verlosungen (Werberinggutscheine im Wert von insgesamt 60\u20ac) und der ersten Auflage von Stempelkarten<\/li>\n<li><a href=\"https:\/\/zamworking.de\" target=\"_blank\" rel=\"noopener\"><strong><span style=\"color: #008000;\">Zamworking Grafing<\/span><\/strong><\/a> f\u00fcr das Sponsern von Gutscheinen f\u00fcr unsere Verlosungen und das Bereitstellen von Meetingr\u00e4umen<\/li>\n<\/ul>\n<p>&#8230;und an unsere <strong>Unterst\u00fctzer <\/strong>(ebenfalls alphabetisch geordnet):<\/p>\n<ul>\n<li><strong><span style=\"color: #769778;\"><span style=\"color: #008000;\">Agnes Gehre<\/span>r<\/span><\/strong> und <span style=\"color: #008000;\"><strong>Agnes Lang<\/strong><\/span> (Abfall und Umweltberatung der Stadt Ebersberg) f\u00fcr ihr Engagement und Unterst\u00fctzung<\/li>\n<li><a href=\"https:\/\/www.letterandmore.de\" target=\"_blank\" rel=\"noopener noreferrer\"><strong><span style=\"color: #008000;\">Anja Schuster von &#8220;Letter &amp; More&#8221;<\/span> <\/strong><\/a>f\u00fcr die Digitalisierung unseres Logos sowie die Gestaltung der Stempelkarten, Aufkleber und Stempel und ihr Engagement f\u00fcr unsere Initiative<\/li>\n<li><strong><span style=\"color: #008000;\">Christina Spiegel<\/span><\/strong>\u00a0(Klimabeauftragte der Stadt Grafing) und <strong><span style=\"color: #008000;\">Tim Grebner<\/span><\/strong> (Wirtschaftsf\u00f6rderer der Stadt Grafing) f\u00fcr ihr Engagement und das Herstellen wichtiger Kontakte<\/li>\n<li>der <a href=\"https:\/\/www.energieagentur-ebe-m.de\/Ueber_uns\/Die_Energieagentur\" target=\"_blank\" rel=\"noopener noreferrer\"><strong><span style=\"color: #008000;\">Energieagentur Ebersberg-M\u00fcnchen<\/span><\/strong><\/a> f\u00fcr das Herstellen wichtiger Kontakte, Beratung und das K\u00fcren unserer Initiative zum &#8220;Projekt des Monats&#8221;<\/li>\n<li><strong><span style=\"color: #008000;\">Fritz Lietsch<\/span><\/strong> f\u00fcr seine tatkr\u00e4ftige Unterst\u00fctzung und ausf\u00fchrliche Beratung von Anfang an<\/li>\n<li>dem <a href=\"https:\/\/www.gym-grafing.de\/home\" target=\"_blank\" rel=\"noopener\"><strong><span style=\"color: #008000;\">Max-Mannheimer-Gymnasium Grafing<\/span><\/strong><\/a>, in dem unsere Initiative dank der Unterst\u00fctzung des Direktorats und der Genehmigung einiger Freistunden f\u00fcr Gruppenbesprechungen entstehen konnte<\/li>\n<\/ul>\n<p>&nbsp;<\/p>\n<p>&nbsp;<\/p>\n","protected":false},"excerpt":{"rendered":"<p>An dieser Stelle m\u00f6chten wir uns ganz herzlich bei unseren Sponsoren und Unterst\u00fctzern bedanken, ohne die wir unser Projekt nicht h\u00e4tten realisieren k\u00f6nnen: Vielen Dank an unsere Sponsoren\u00a0(in alphabetischer Reihenfolge): der B\u00e4ckerei Daumoser\u00a0f\u00fcr die gro\u00dfz\u00fcgige Bereitstellung von Gutscheinen im Wert von insgesamt 50\u20ac dem Magazin &#8220;forum nachhaltig Wirtschaften&#8221; f\u00fcr die Bereitstellung von\u00a0Zeitschriften und die Ver\u00f6ffentlichung [&hellip;]<\/p>\n","protected":false},"author":1,"featured_media":0,"parent":0,"menu_order":0,"comment_status":"closed","ping_status":"closed","template":"","meta":{"footnotes":""},"class_list":["post-337","page","type-page","status-publish","hentry"],"_links":{"self":[{"href":"https:\/\/grafinggoesgreen.de\/index.php\/wp-json\/wp\/v2\/pages\/337","targetHints":{"allow":["GET"]}}],"collection":[{"href":"https:\/\/grafinggoesgreen.de\/index.php\/wp-json\/wp\/v2\/pages"}],"about":[{"href":"https:\/\/grafinggoesgreen.de\/index.php\/wp-json\/wp\/v2\/types\/page"}],"author":[{"embeddable":true,"href":"https:\/\/grafinggoesgreen.de\/index.php\/wp-json\/wp\/v2\/users\/1"}],"replies":[{"embeddable":true,"href":"https:\/\/grafinggoesgreen.de\/index.php\/wp-json\/wp\/v2\/comments?post=337"}],"version-history":[{"count":15,"href":"https:\/\/grafinggoesgreen.de\/index.php\/wp-json\/wp\/v2\/pages\/337\/revisions"}],"predecessor-version":[{"id":2404,"href":"https:\/\/grafinggoesgreen.de\/index.php\/wp-json\/wp\/v2\/pages\/337\/revisions\/2404"}],"wp:attachment":[{"href":"https:\/\/grafinggoesgreen.de\/index.php\/wp-json\/wp\/v2\/media?parent=337"}],"curies":[{"name":"wp","href":"https:\/\/api.w.org\/{rel}","templated":true}]}}