{"id":249,"date":"2019-09-20T10:39:40","date_gmt":"2019-09-20T09:39:40","guid":{"rendered":"https:\/\/grafinggoesgreen.de\/?page_id=249"},"modified":"2025-07-18T22:09:56","modified_gmt":"2025-07-18T20:09:56","slug":"teilnehmende-geschaefte","status":"publish","type":"page","link":"https:\/\/grafinggoesgreen.de\/index.php\/teilnehmende-geschaefte\/","title":{"rendered":"Teilnehmende Gesch\u00e4fte"},"content":{"rendered":"\t\t<div data-elementor-type=\"wp-page\" data-elementor-id=\"249\" class=\"elementor elementor-249\">\n\t\t\t\t\t\t<section class=\"elementor-section elementor-top-section elementor-element elementor-element-6825e454 elementor-section-boxed elementor-section-height-default elementor-section-height-default\" data-id=\"6825e454\" data-element_type=\"section\">\n\t\t\t\t\t\t<div class=\"elementor-container elementor-column-gap-default\">\n\t\t\t\t\t<div class=\"elementor-column elementor-col-100 elementor-top-column elementor-element elementor-element-4fed7938\" data-id=\"4fed7938\" data-element_type=\"column\">\n\t\t\t<div class=\"elementor-widget-wrap elementor-element-populated\">\n\t\t\t\t\t\t<div class=\"elementor-element elementor-element-8f66910 elementor-widget elementor-widget-text-editor\" data-id=\"8f66910\" data-element_type=\"widget\" data-widget_type=\"text-editor.default\">\n\t\t\t\t<div class=\"elementor-widget-container\">\n\t\t\t\t\t\t\t\t\t<p><strong><div class=\"geo-maps-shortcode-wrapper\">\t\t<div class=\"geo-maps-map-render-element-wrap\">\n\t\t\t<div id=\"geo_maps_container_id_2043_unique_69fb3547800f5\"\n\t\t\t\t data-settings='{&quot;map_marker&quot;:[{&quot;lat&quot;:&quot;48.0906946&quot;,&quot;lng&quot;:&quot;11.8293306&quot;,&quot;title&quot;:&quot;DEINE alternative (Unverpackt-Laden)&quot;,&quot;content&quot;:&quot;&quot;,&quot;iconType&quot;:&quot;custom&quot;,&quot;customIconUrl&quot;:&quot;https:\\\/\\\/grafinggoesgreen.de\\\/wp-content\\\/uploads\\\/2024\\\/03\\\/mapLogoGGG.png&quot;,&quot;customIconWidth&quot;:24,&quot;customIconHeight&quot;:40},{&quot;lat&quot;:&quot;48.0784738&quot;,&quot;lng&quot;:&quot;11.969808760411773&quot;,&quot;title&quot;:&quot;B\\u00e4ckerei &amp; Konditorei Cafe Schwaiger&quot;,&quot;content&quot;:&quot;&quot;,&quot;iconType&quot;:&quot;custom&quot;,&quot;customIconUrl&quot;:&quot;https:\\\/\\\/grafinggoesgreen.de\\\/wp-content\\\/uploads\\\/2024\\\/03\\\/mapLogoGGG.png&quot;,&quot;customIconWidth&quot;:24,&quot;customIconHeight&quot;:40},{&quot;lat&quot;:&quot;48.0780383&quot;,&quot;lng&quot;:&quot;11.968415&quot;,&quot;title&quot;:&quot;Hasi Schmeckerb\\u00e4cker GmbH&quot;,&quot;content&quot;:&quot;&quot;,&quot;iconType&quot;:&quot;custom&quot;,&quot;customIconUrl&quot;:&quot;https:\\\/\\\/grafinggoesgreen.de\\\/wp-content\\\/uploads\\\/2024\\\/03\\\/mapLogoGGG.png&quot;,&quot;customIconWidth&quot;:24,&quot;customIconHeight&quot;:40},{&quot;lat&quot;:&quot;48.0770422&quot;,&quot;lng&quot;:&quot;11.9697978&quot;,&quot;title&quot;:&quot;Kinh Do&quot;,&quot;content&quot;:&quot;&quot;,&quot;iconType&quot;:&quot;custom&quot;,&quot;customIconUrl&quot;:&quot;https:\\\/\\\/grafinggoesgreen.de\\\/wp-content\\\/uploads\\\/2024\\\/03\\\/mapLogoGGG.png&quot;,&quot;customIconWidth&quot;:24,&quot;customIconHeight&quot;:40},{&quot;lat&quot;:&quot;48.0780549&quot;,&quot;lng&quot;:&quot;11.969224053461835&quot;,&quot;title&quot;:&quot;Monis Regionalladl&quot;,&quot;content&quot;:&quot;&quot;,&quot;iconType&quot;:&quot;custom&quot;,&quot;customIconUrl&quot;:&quot;https:\\\/\\\/grafinggoesgreen.de\\\/wp-content\\\/uploads\\\/2024\\\/03\\\/mapLogoGGG.png&quot;,&quot;customIconWidth&quot;:24,&quot;customIconHeight&quot;:40},{&quot;lat&quot;:&quot;48.075423&quot;,&quot;lng&quot;:&quot;11.9704699&quot;,&quot;title&quot;:&quot;Speisekammer&quot;,&quot;content&quot;:&quot;&quot;,&quot;iconType&quot;:&quot;custom&quot;,&quot;customIconUrl&quot;:&quot;https:\\\/\\\/grafinggoesgreen.de\\\/wp-content\\\/uploads\\\/2024\\\/03\\\/mapLogoGGG.png&quot;,&quot;customIconWidth&quot;:24,&quot;customIconHeight&quot;:40},{&quot;lat&quot;:&quot;48.078332&quot;,&quot;lng&quot;:&quot;11.969575&quot;,&quot;title&quot;:&quot;Wochenmarktst\\u00e4nde&quot;,&quot;content&quot;:&quot;&quot;,&quot;iconType&quot;:&quot;custom&quot;,&quot;customIconUrl&quot;:&quot;https:\\\/\\\/grafinggoesgreen.de\\\/wp-content\\\/uploads\\\/2024\\\/03\\\/mapLogoGGG.png&quot;,&quot;customIconWidth&quot;:24,&quot;customIconHeight&quot;:40},{&quot;lat&quot;:&quot;48.0768937&quot;,&quot;lng&quot;:&quot;11.9706976&quot;,&quot;title&quot;:&quot;Bei Meow&quot;,&quot;content&quot;:&quot;vor\\u00fcbergehend geschlossen&quot;,&quot;iconType&quot;:&quot;custom&quot;,&quot;customIconUrl&quot;:&quot;https:\\\/\\\/grafinggoesgreen.de\\\/wp-content\\\/uploads\\\/2024\\\/03\\\/mapLogoGGG.png&quot;,&quot;customIconWidth&quot;:24,&quot;customIconHeight&quot;:40},{&quot;lat&quot;:&quot;48.0458012&quot;,&quot;lng&quot;:&quot;11.966777805562742&quot;,&quot;title&quot;:&quot;Asia Gourmet&quot;,&quot;content&quot;:&quot;&quot;,&quot;iconType&quot;:&quot;custom&quot;,&quot;customIconUrl&quot;:&quot;https:\\\/\\\/grafinggoesgreen.de\\\/wp-content\\\/uploads\\\/2024\\\/03\\\/mapLogoGGG.png&quot;,&quot;customIconWidth&quot;:24,&quot;customIconHeight&quot;:40},{&quot;lat&quot;:&quot;48.0455997&quot;,&quot;lng&quot;:&quot;11.966787574756232&quot;,&quot;title&quot;:&quot;B\\u00e4ckerei Konditorei Kreitmeier GmbH &amp; Co.KG&quot;,&quot;content&quot;:&quot;&quot;,&quot;iconType&quot;:&quot;custom&quot;,&quot;customIconUrl&quot;:&quot;https:\\\/\\\/grafinggoesgreen.de\\\/wp-content\\\/uploads\\\/2024\\\/03\\\/mapLogoGGG.png&quot;,&quot;customIconWidth&quot;:24,&quot;customIconHeight&quot;:40},{&quot;lat&quot;:&quot;48.04603069202083&quot;,&quot;lng&quot;:&quot;11.968116322870825&quot;,&quot;title&quot;:&quot;Bar central Grafing&quot;,&quot;content&quot;:&quot;&quot;,&quot;iconType&quot;:&quot;custom&quot;,&quot;customIconUrl&quot;:&quot;https:\\\/\\\/grafinggoesgreen.de\\\/wp-content\\\/uploads\\\/2024\\\/03\\\/mapLogoGGG.png&quot;,&quot;customIconWidth&quot;:24,&quot;customIconHeight&quot;:40},{&quot;lat&quot;:&quot;48.0453619&quot;,&quot;lng&quot;:&quot;11.964127479414731&quot;,&quot;title&quot;:&quot;Brot- und Feinb\\u00e4ckerei Daumoser GmbH&quot;,&quot;content&quot;:&quot;&quot;,&quot;iconType&quot;:&quot;custom&quot;,&quot;customIconUrl&quot;:&quot;https:\\\/\\\/grafinggoesgreen.de\\\/wp-content\\\/uploads\\\/2024\\\/03\\\/mapLogoGGG.png&quot;,&quot;customIconWidth&quot;:24,&quot;customIconHeight&quot;:40},{&quot;lat&quot;:&quot;48.04473055&quot;,&quot;lng&quot;:&quot;11.96417564698478&quot;,&quot;title&quot;:&quot;Caf\\u00e9 Glashaus&quot;,&quot;content&quot;:&quot;&quot;,&quot;iconType&quot;:&quot;custom&quot;,&quot;customIconUrl&quot;:&quot;https:\\\/\\\/grafinggoesgreen.de\\\/wp-content\\\/uploads\\\/2024\\\/03\\\/mapLogoGGG.png&quot;,&quot;customIconWidth&quot;:24,&quot;customIconHeight&quot;:40},{&quot;lat&quot;:&quot;48.0472195&quot;,&quot;lng&quot;:&quot;11.9671012&quot;,&quot;title&quot;:&quot;Cheeds Thai Kitchen&quot;,&quot;content&quot;:&quot;&quot;,&quot;iconType&quot;:&quot;custom&quot;,&quot;customIconUrl&quot;:&quot;https:\\\/\\\/grafinggoesgreen.de\\\/wp-content\\\/uploads\\\/2024\\\/03\\\/mapLogoGGG.png&quot;,&quot;customIconWidth&quot;:24,&quot;customIconHeight&quot;:40},{&quot;lat&quot;:&quot;48.0444819494403&quot;,&quot;lng&quot;:&quot;11.964513504087412&quot;,&quot;title&quot;:&quot;Craft Food Truck&quot;,&quot;content&quot;:&quot;&quot;,&quot;iconType&quot;:&quot;custom&quot;,&quot;customIconUrl&quot;:&quot;https:\\\/\\\/grafinggoesgreen.de\\\/wp-content\\\/uploads\\\/2024\\\/03\\\/mapLogoGGG.png&quot;,&quot;customIconWidth&quot;:24,&quot;customIconHeight&quot;:40},{&quot;lat&quot;:&quot;48.045371252574874&quot;,&quot;lng&quot;:&quot;11.966691654453369&quot;,&quot;title&quot;:&quot;Der K\\u00e4se Ober - K\\u00e4sespezialit\\u00e4ten und Feinkost&quot;,&quot;content&quot;:&quot;&quot;,&quot;iconType&quot;:&quot;custom&quot;,&quot;customIconUrl&quot;:&quot;https:\\\/\\\/grafinggoesgreen.de\\\/wp-content\\\/uploads\\\/2024\\\/03\\\/mapLogoGGG.png&quot;,&quot;customIconWidth&quot;:24,&quot;customIconHeight&quot;:40},{&quot;lat&quot;:&quot;48.04529954931395&quot;,&quot;lng&quot;:&quot;11.966552154830953&quot;,&quot;title&quot;:&quot;Ellis Caf\\u00e9haus&quot;,&quot;content&quot;:&quot;&quot;,&quot;iconType&quot;:&quot;custom&quot;,&quot;customIconUrl&quot;:&quot;https:\\\/\\\/grafinggoesgreen.de\\\/wp-content\\\/uploads\\\/2024\\\/03\\\/mapLogoGGG.png&quot;,&quot;customIconWidth&quot;:24,&quot;customIconHeight&quot;:40},{&quot;lat&quot;:&quot;48.04552548844659&quot;,&quot;lng&quot;:&quot;11.967437366317904&quot;,&quot;title&quot;:&quot;fair-Weltladen Grafing&quot;,&quot;content&quot;:&quot;&quot;,&quot;iconType&quot;:&quot;custom&quot;,&quot;customIconUrl&quot;:&quot;https:\\\/\\\/grafinggoesgreen.de\\\/wp-content\\\/uploads\\\/2024\\\/03\\\/mapLogoGGG.png&quot;,&quot;customIconWidth&quot;:24,&quot;customIconHeight&quot;:40},{&quot;lat&quot;:&quot;48.04546451495296&quot;,&quot;lng&quot;:&quot;11.963569983971416&quot;,&quot;title&quot;:&quot;Fr\\u00fcchtehaus Grafing&quot;,&quot;content&quot;:&quot;&quot;,&quot;iconType&quot;:&quot;custom&quot;,&quot;customIconUrl&quot;:&quot;https:\\\/\\\/grafinggoesgreen.de\\\/wp-content\\\/uploads\\\/2024\\\/03\\\/mapLogoGGG.png&quot;,&quot;customIconWidth&quot;:24,&quot;customIconHeight&quot;:40},{&quot;lat&quot;:&quot;48.04545728928966&quot;,&quot;lng&quot;:&quot;11.963430071788817&quot;,&quot;title&quot;:&quot;Gourmet-Ecke-Grafing&quot;,&quot;content&quot;:&quot;&quot;,&quot;iconType&quot;:&quot;custom&quot;,&quot;customIconUrl&quot;:&quot;https:\\\/\\\/grafinggoesgreen.de\\\/wp-content\\\/uploads\\\/2024\\\/03\\\/mapLogoGGG.png&quot;,&quot;customIconWidth&quot;:24,&quot;customIconHeight&quot;:40},{&quot;lat&quot;:&quot;48.04787787717257&quot;,&quot;lng&quot;:&quot;11.968762823136288&quot;,&quot;title&quot;:&quot;Hasi Schmeckerb\\u00e4cker GmbH&quot;,&quot;content&quot;:&quot;(im REWE)&quot;,&quot;iconType&quot;:&quot;custom&quot;,&quot;customIconUrl&quot;:&quot;https:\\\/\\\/grafinggoesgreen.de\\\/wp-content\\\/uploads\\\/2024\\\/03\\\/mapLogoGGG.png&quot;,&quot;customIconWidth&quot;:24,&quot;customIconHeight&quot;:40},{&quot;lat&quot;:&quot;48.045636240489436&quot;,&quot;lng&quot;:&quot;11.965902771457198&quot;,&quot;title&quot;:&quot;Hasi Schmeckerb\\u00e4cker GmbH&quot;,&quot;content&quot;:&quot;(am Marktplatz)&quot;,&quot;iconType&quot;:&quot;custom&quot;,&quot;customIconUrl&quot;:&quot;https:\\\/\\\/grafinggoesgreen.de\\\/wp-content\\\/uploads\\\/2024\\\/03\\\/mapLogoGGG.png&quot;,&quot;customIconWidth&quot;:24,&quot;customIconHeight&quot;:40},{&quot;lat&quot;:&quot;48.0460813956644&quot;,&quot;lng&quot;:&quot;11.967544514408026&quot;,&quot;title&quot;:&quot;Juraj Palace&quot;,&quot;content&quot;:&quot;&quot;,&quot;iconType&quot;:&quot;custom&quot;,&quot;customIconUrl&quot;:&quot;https:\\\/\\\/grafinggoesgreen.de\\\/wp-content\\\/uploads\\\/2024\\\/03\\\/mapLogoGGG.png&quot;,&quot;customIconWidth&quot;:24,&quot;customIconHeight&quot;:40},{&quot;lat&quot;:&quot;48.0438504636822&quot;,&quot;lng&quot;:&quot;11.96564018726349&quot;,&quot;title&quot;:&quot;Korn Biomarkt GmbH&quot;,&quot;content&quot;:&quot;&quot;,&quot;iconType&quot;:&quot;custom&quot;,&quot;customIconUrl&quot;:&quot;https:\\\/\\\/grafinggoesgreen.de\\\/wp-content\\\/uploads\\\/2024\\\/03\\\/mapLogoGGG.png&quot;,&quot;customIconWidth&quot;:24,&quot;customIconHeight&quot;:40},{&quot;lat&quot;:&quot;48.045432220290095&quot;,&quot;lng&quot;:&quot;11.963252996486638&quot;,&quot;title&quot;:&quot;Metzgerei Heimann GmbH&quot;,&quot;content&quot;:&quot;&quot;,&quot;iconType&quot;:&quot;custom&quot;,&quot;customIconUrl&quot;:&quot;https:\\\/\\\/grafinggoesgreen.de\\\/wp-content\\\/uploads\\\/2024\\\/03\\\/mapLogoGGG.png&quot;,&quot;customIconWidth&quot;:24,&quot;customIconHeight&quot;:40},{&quot;lat&quot;:&quot;48.046963573949405&quot;,&quot;lng&quot;:&quot;11.96732473829292&quot;,&quot;title&quot;:&quot;Metzgerei Korbinian Kammerloher jun.&quot;,&quot;content&quot;:&quot;&quot;,&quot;iconType&quot;:&quot;custom&quot;,&quot;customIconUrl&quot;:&quot;https:\\\/\\\/grafinggoesgreen.de\\\/wp-content\\\/uploads\\\/2024\\\/03\\\/mapLogoGGG.png&quot;,&quot;customIconWidth&quot;:24,&quot;customIconHeight&quot;:40},{&quot;lat&quot;:&quot;48.04540702761347&quot;,&quot;lng&quot;:&quot;11.968344043728177&quot;,&quot;title&quot;:&quot;Querbeet&quot;,&quot;content&quot;:&quot;&quot;,&quot;iconType&quot;:&quot;custom&quot;,&quot;customIconUrl&quot;:&quot;https:\\\/\\\/grafinggoesgreen.de\\\/wp-content\\\/uploads\\\/2024\\\/03\\\/mapLogoGGG.png&quot;,&quot;customIconWidth&quot;:24,&quot;customIconHeight&quot;:40},{&quot;lat&quot;:&quot;48.04799641476202&quot;,&quot;lng&quot;:&quot;11.968504935013073&quot;,&quot;title&quot;:&quot;REWE&quot;,&quot;content&quot;:&quot;&quot;,&quot;iconType&quot;:&quot;custom&quot;,&quot;customIconUrl&quot;:&quot;https:\\\/\\\/grafinggoesgreen.de\\\/wp-content\\\/uploads\\\/2024\\\/03\\\/mapLogoGGG.png&quot;,&quot;customIconWidth&quot;:24,&quot;customIconHeight&quot;:40},{&quot;lat&quot;:&quot;48.045797966178355&quot;,&quot;lng&quot;:&quot;11.966702424545424&quot;,&quot;title&quot;:&quot;Textilreinigung Adrett&quot;,&quot;content&quot;:&quot;&quot;,&quot;iconType&quot;:&quot;custom&quot;,&quot;customIconUrl&quot;:&quot;https:\\\/\\\/grafinggoesgreen.de\\\/wp-content\\\/uploads\\\/2024\\\/03\\\/mapLogoGGG.png&quot;,&quot;customIconWidth&quot;:24,&quot;customIconHeight&quot;:40}],&quot;map_zoom&quot;:8,&quot;scroll_wheel_zoom&quot;:true,&quot;draw_line&quot;:false,&quot;map_type&quot;:&quot;google_map&quot;,&quot;center_index&quot;:0,&quot;popup_show_on&quot;:&quot;click&quot;,&quot;control_position&quot;:&quot;topright&quot;,&quot;show_control&quot;:true,&quot;osm_provider&quot;:&quot;default&quot;}'\n\t\t\t\t class=\"geo_maps_map_render_element\" style=\"height:500px;width:100%\"><\/div>\n\t\t<\/div>\n\t\t<\/div><\/strong><\/p>\t\t\t\t\t\t\t\t<\/div>\n\t\t\t\t<\/div>\n\t\t\t\t\t<\/div>\n\t\t<\/div>\n\t\t\t\t\t<\/div>\n\t\t<\/section>\n\t\t\t\t<section class=\"elementor-section elementor-top-section elementor-element elementor-element-9fd7f19 elementor-section-boxed elementor-section-height-default elementor-section-height-default\" data-id=\"9fd7f19\" data-element_type=\"section\">\n\t\t\t\t\t\t<div class=\"elementor-container elementor-column-gap-default\">\n\t\t\t\t\t<div class=\"elementor-column elementor-col-100 elementor-top-column elementor-element elementor-element-c34fe08\" data-id=\"c34fe08\" data-element_type=\"column\">\n\t\t\t<div class=\"elementor-widget-wrap elementor-element-populated\">\n\t\t\t\t\t\t<div class=\"elementor-element elementor-element-ad77eec elementor-widget elementor-widget-text-editor\" data-id=\"ad77eec\" data-element_type=\"widget\" data-widget_type=\"text-editor.default\">\n\t\t\t\t<div class=\"elementor-widget-container\">\n\t\t\t\t\t\t\t\t\t<p>In diesen Gesch\u00e4ften kann unsere Stempelkarte verwendet werden:<\/p>\t\t\t\t\t\t\t\t<\/div>\n\t\t\t\t<\/div>\n\t\t\t\t\t<\/div>\n\t\t<\/div>\n\t\t\t\t\t<\/div>\n\t\t<\/section>\n\t\t\t\t<section class=\"elementor-section elementor-top-section elementor-element elementor-element-f7c2410 elementor-section-boxed elementor-section-height-default elementor-section-height-default\" data-id=\"f7c2410\" data-element_type=\"section\">\n\t\t\t\t\t\t<div class=\"elementor-container elementor-column-gap-default\">\n\t\t\t\t\t<div class=\"elementor-column elementor-col-50 elementor-top-column elementor-element elementor-element-1bd56c3\" data-id=\"1bd56c3\" data-element_type=\"column\">\n\t\t\t<div class=\"elementor-widget-wrap elementor-element-populated\">\n\t\t\t\t\t\t<div class=\"elementor-element elementor-element-146469b elementor-widget elementor-widget-text-editor\" data-id=\"146469b\" data-element_type=\"widget\" data-widget_type=\"text-editor.default\">\n\t\t\t\t<div class=\"elementor-widget-container\">\n\t\t\t\t\t\t\t\t\t<p><strong>Grafing<\/strong><\/p><ul><li><a href=\"http:\/\/www.asiagourmet-grafing.de\/\">Asia Gourmet<\/a><\/li><li><a href=\"https:\/\/baeckerei-kreitmaier.de\/\">B\u00e4ckerei Konditorei Kreitmaier<\/a><\/li><li>Bar central Grafing<\/li><li><a href=\"https:\/\/www.baeckerei-daumoser.de\/index.html\">Brot- und Feinb\u00e4ckerei Daumoser<\/a><\/li><li><a href=\"https:\/\/www.glashaus-grafing.de\/\">Caf\u00e9 Glashaus<\/a><\/li><li><a href=\"https:\/\/www.cheedsthaikitchen.de\/\">Cheeds Thai Kitchen<\/a><\/li><li><a href=\"https:\/\/www.craft-food-truck.de\/\">Craft Food Truck<\/a><\/li><li><a href=\"https:\/\/www.kaese-ober.de\/\">Der K\u00e4se Ober &#8211; K\u00e4sespezialit\u00e4ten und Feinkost<\/a><\/li><li><a href=\"https:\/\/www.ellis-cafehaus.de\/\">Ellis Caf\u00e9haus<\/a><\/li><li><a href=\"http:\/\/fair-grafing.de\/\">fair-Weltladen Grafing<\/a><\/li><li>Fr\u00fcchtehaus Grafing<\/li><li><a href=\"https:\/\/www.gourmet-ecke-grafing.de\/\">Gourmet-Ecke-Grafing<\/a><\/li><li><a href=\"https:\/\/www.mein-hasi.de\/\">Hasi Schmeckerb\u00e4cker (im Rewe Grafing)<\/a><\/li><li><a href=\"https:\/\/www.mein-hasi.de\/\">Hasi Schmeckerb\u00e4cker (Marktplatz Grafing)<\/a><\/li><li>Juraj Palace<\/li><li><a href=\"https:\/\/www.korn-biomarkt.de\/\">Korn Biomarkt<\/a><\/li><li><a href=\"https:\/\/www.metzgerei-heimann.de\/filiale-grafing\/\">Metzgerei Heimann<\/a><\/li><li><a href=\"https:\/\/www.metzgerei-kammerloher.de\/\">Metzgerei Korbinian Kammerloher jun.<\/a><\/li><li>Querbeet<\/li><li><a href=\"https:\/\/www.rewe.de\/marktseite\/grafing\/461766\/rewe-markt-leonhardstrasse-5-a\/\">REWE<\/a><\/li><li><a href=\"https:\/\/www.adrett-textilreinigung.de\/\">Textilreinigung Adrett<\/a><\/li><\/ul><p><strong>Zorneding<\/strong><\/p><ul><li><a href=\"https:\/\/www.deine-alternative.com\/\" target=\"_blank\" rel=\"noopener\">Deine Alternative<\/a> (Unverpackt-Laden)<\/li><\/ul>\t\t\t\t\t\t\t\t<\/div>\n\t\t\t\t<\/div>\n\t\t\t\t\t<\/div>\n\t\t<\/div>\n\t\t\t\t<div class=\"elementor-column elementor-col-50 elementor-top-column elementor-element elementor-element-167921c\" data-id=\"167921c\" data-element_type=\"column\">\n\t\t\t<div class=\"elementor-widget-wrap elementor-element-populated\">\n\t\t\t\t\t\t<div class=\"elementor-element elementor-element-4b56609 elementor-widget elementor-widget-text-editor\" data-id=\"4b56609\" data-element_type=\"widget\" data-widget_type=\"text-editor.default\">\n\t\t\t\t<div class=\"elementor-widget-container\">\n\t\t\t\t\t\t\t\t\t<p><strong>Ebersberg<\/strong><\/p><ul><li><a href=\"https:\/\/www.bei-meow.de\/\" target=\"_blank\" rel=\"noopener\">Bei Meow<\/a><\/li><li><a href=\"https:\/\/hotel-cafe-schwaiger.de\/index.php\/cafe-ebersberg.html\" target=\"_blank\" rel=\"noopener\">B\u00e4ckerei &amp; Konditorei Caf\u00e9 Schwaiger<\/a><\/li><li><a href=\"https:\/\/www.mein-hasi.de\/\">Hasi Schmeckerb\u00e4cker<\/a><\/li><li>Kinh Do Asia Food<\/li><li><a href=\"https:\/\/www.evs-steinhoering.de\/de\/component\/content\/article.html?id=85:speisekammer\" target=\"_blank\" rel=\"noopener\">Speisekammer<\/a><\/li><\/ul><p>Auch einige St\u00e4nde am\u00a0<strong>Ebersberger Wochenmarkt<\/strong> (Mi, 9:00-18:00) machen mit:<\/p><ul><li>Brotstand Konrad Sch\u00e4fer<\/li><li><a href=\"https:\/\/www.facebook.com\/people\/Gefl%C3%BCgelhof-Gerlmaier\/100051182300068\/\" target=\"_blank\" rel=\"noopener\">Gefl\u00fcgelhof Gerlmaier<\/a><\/li><li><a href=\"https:\/\/lilifer-sadak.de\/\">Lilifer Sadak \u2013\u00a0S\u00fcdl\u00e4ndische Spezialit\u00e4ten<\/a><\/li><li>L\u00f6wenzahn<\/li><li><a href=\"https:\/\/www.obstgemuese-stockinger.de\/\" target=\"_blank\" rel=\"noopener\">Obst &amp; Gem\u00fcse Stockinger<\/a><\/li><li><a href=\"https:\/\/www.facebook.com\/people\/Sachs-Genusswelt\/100027975169324\/?business_id=10156242063180611\" target=\"_blank\" rel=\"noopener\">Sachs Genusswelt Feinfischkost<\/a><\/li><li>Thai Foods<\/li><\/ul><p><strong>Kirchseeon<\/strong><\/p><ul><li><a href=\"https:\/\/www.facebook.com\/p\/Casa-Italia-Kirchseeon-100054247731599\/?locale=de_DE\" target=\"_blank\" rel=\"noopener\">Casa Italia<\/a><\/li><li><a href=\"https:\/\/eiscafepiazzagrande.jimdoweb.com\" target=\"_blank\" rel=\"noopener\">Eiscaf\u00e9 Piazza Grande<\/a><\/li><li><a href=\"https:\/\/www.hasi-kirchseeon.de\" target=\"_blank\" rel=\"noopener\">Hasi Kirchseeon<\/a><\/li><li>Kebab Haus Kirchseeon<\/li><li><a href=\"https:\/\/www.rewe.de\/marktseite\/kirchseeon\/865844\/rewe-markt-muenchner-str-11\/\" target=\"_blank\" rel=\"noopener\">Rewe Arthur Sattler<\/a><\/li><\/ul>\t\t\t\t\t\t\t\t<\/div>\n\t\t\t\t<\/div>\n\t\t\t\t\t<\/div>\n\t\t<\/div>\n\t\t\t\t\t<\/div>\n\t\t<\/section>\n\t\t\t\t<\/div>\n\t\t","protected":false},"excerpt":{"rendered":"<p>In diesen Gesch\u00e4ften kann unsere Stempelkarte verwendet werden: Grafing Asia Gourmet B\u00e4ckerei Konditorei Kreitmaier Bar central Grafing Brot- und Feinb\u00e4ckerei Daumoser Caf\u00e9 Glashaus Cheeds Thai Kitchen Craft Food Truck Der K\u00e4se Ober &#8211; K\u00e4sespezialit\u00e4ten und Feinkost Ellis Caf\u00e9haus fair-Weltladen Grafing Fr\u00fcchtehaus Grafing Gourmet-Ecke-Grafing Hasi Schmeckerb\u00e4cker (im Rewe Grafing) Hasi Schmeckerb\u00e4cker (Marktplatz Grafing) Juraj Palace Korn [&hellip;]<\/p>\n","protected":false},"author":1,"featured_media":0,"parent":0,"menu_order":0,"comment_status":"closed","ping_status":"closed","template":"","meta":{"footnotes":""},"class_list":["post-249","page","type-page","status-publish","hentry"],"_links":{"self":[{"href":"https:\/\/grafinggoesgreen.de\/index.php\/wp-json\/wp\/v2\/pages\/249","targetHints":{"allow":["GET"]}}],"collection":[{"href":"https:\/\/grafinggoesgreen.de\/index.php\/wp-json\/wp\/v2\/pages"}],"about":[{"href":"https:\/\/grafinggoesgreen.de\/index.php\/wp-json\/wp\/v2\/types\/page"}],"author":[{"embeddable":true,"href":"https:\/\/grafinggoesgreen.de\/index.php\/wp-json\/wp\/v2\/users\/1"}],"replies":[{"embeddable":true,"href":"https:\/\/grafinggoesgreen.de\/index.php\/wp-json\/wp\/v2\/comments?post=249"}],"version-history":[{"count":52,"href":"https:\/\/grafinggoesgreen.de\/index.php\/wp-json\/wp\/v2\/pages\/249\/revisions"}],"predecessor-version":[{"id":2881,"href":"https:\/\/grafinggoesgreen.de\/index.php\/wp-json\/wp\/v2\/pages\/249\/revisions\/2881"}],"wp:attachment":[{"href":"https:\/\/grafinggoesgreen.de\/index.php\/wp-json\/wp\/v2\/media?parent=249"}],"curies":[{"name":"wp","href":"https:\/\/api.w.org\/{rel}","templated":true}]}}