{"id":1909,"date":"2024-02-06T23:31:11","date_gmt":"2024-02-06T22:31:11","guid":{"rendered":"https:\/\/grafinggoesgreen.de\/?page_id=1909"},"modified":"2026-04-06T18:09:22","modified_gmt":"2026-04-06T16:09:22","slug":"stempelkartenabgabe","status":"publish","type":"page","link":"https:\/\/grafinggoesgreen.de\/index.php\/stempelkartenabgabe\/","title":{"rendered":"Stempelkartenabgabe"},"content":{"rendered":"\t\t<div data-elementor-type=\"wp-page\" data-elementor-id=\"1909\" class=\"elementor elementor-1909\">\n\t\t\t\t\t\t<section class=\"elementor-section elementor-top-section elementor-element elementor-element-4165d5ea elementor-section-boxed elementor-section-height-default elementor-section-height-default\" data-id=\"4165d5ea\" data-element_type=\"section\">\n\t\t\t\t\t\t<div class=\"elementor-container elementor-column-gap-default\">\n\t\t\t\t\t<div class=\"elementor-column elementor-col-100 elementor-top-column elementor-element elementor-element-46f72fec\" data-id=\"46f72fec\" data-element_type=\"column\">\n\t\t\t<div class=\"elementor-widget-wrap elementor-element-populated\">\n\t\t\t\t\t\t\t<\/div>\n\t\t<\/div>\n\t\t\t\t\t<\/div>\n\t\t<\/section>\n\t\t\t\t<section class=\"elementor-section elementor-top-section elementor-element elementor-element-218f46d elementor-section-boxed elementor-section-height-default elementor-section-height-default\" data-id=\"218f46d\" data-element_type=\"section\">\n\t\t\t\t\t\t<div class=\"elementor-container elementor-column-gap-default\">\n\t\t\t\t\t<div class=\"elementor-column elementor-col-33 elementor-top-column elementor-element elementor-element-8a9b8f4\" data-id=\"8a9b8f4\" data-element_type=\"column\">\n\t\t\t<div class=\"elementor-widget-wrap elementor-element-populated\">\n\t\t\t\t\t\t<div class=\"elementor-element elementor-element-e2ebaf5 elementor-widget elementor-widget-image\" data-id=\"e2ebaf5\" data-element_type=\"widget\" data-widget_type=\"image.default\">\n\t\t\t\t<div class=\"elementor-widget-container\">\n\t\t\t\t\t\t\t\t\t\t\t\t\t\t\t\t<a href=\"https:\/\/grafinggoesgreen.de\/wp-content\/uploads\/2024\/09\/GrafikWebsiteStempelkarteNeu.png\" data-elementor-open-lightbox=\"yes\" data-elementor-lightbox-title=\"GrafikWebsiteStempelkarteNeu\" data-e-action-hash=\"#elementor-action%3Aaction%3Dlightbox%26settings%3DeyJpZCI6MjMyNCwidXJsIjoiaHR0cHM6XC9cL2dyYWZpbmdnb2VzZ3JlZW4uZGVcL3dwLWNvbnRlbnRcL3VwbG9hZHNcLzIwMjRcLzA5XC9HcmFmaWtXZWJzaXRlU3RlbXBlbGthcnRlTmV1LnBuZyJ9\">\n\t\t\t\t\t\t\t<img fetchpriority=\"high\" decoding=\"async\" width=\"868\" height=\"914\" src=\"https:\/\/grafinggoesgreen.de\/wp-content\/uploads\/2024\/09\/GrafikWebsiteStempelkarteNeu.png\" class=\"attachment-large size-large wp-image-2324\" alt=\"\" srcset=\"https:\/\/grafinggoesgreen.de\/wp-content\/uploads\/2024\/09\/GrafikWebsiteStempelkarteNeu.png 868w, https:\/\/grafinggoesgreen.de\/wp-content\/uploads\/2024\/09\/GrafikWebsiteStempelkarteNeu-285x300.png 285w, https:\/\/grafinggoesgreen.de\/wp-content\/uploads\/2024\/09\/GrafikWebsiteStempelkarteNeu-768x809.png 768w, https:\/\/grafinggoesgreen.de\/wp-content\/uploads\/2024\/09\/GrafikWebsiteStempelkarteNeu-1x1.png 1w\" sizes=\"(max-width: 868px) 100vw, 868px\" \/>\t\t\t\t\t\t\t\t<\/a>\n\t\t\t\t\t\t\t\t\t\t\t\t\t\t\t<\/div>\n\t\t\t\t<\/div>\n\t\t\t\t\t<\/div>\n\t\t<\/div>\n\t\t\t\t<div class=\"elementor-column elementor-col-66 elementor-top-column elementor-element elementor-element-f534874\" data-id=\"f534874\" data-element_type=\"column\">\n\t\t\t<div class=\"elementor-widget-wrap elementor-element-populated\">\n\t\t\t\t\t\t<div class=\"elementor-element elementor-element-90ca486 elementor-widget-tablet__width-initial elementor-widget elementor-widget-text-editor\" data-id=\"90ca486\" data-element_type=\"widget\" data-widget_type=\"text-editor.default\">\n\t\t\t\t<div class=\"elementor-widget-container\">\n\t\t\t\t\t\t\t\t\t<h1><span style=\"text-decoration: underline;\"><strong>Anleitung:<\/strong><\/span><\/h1>\n<ol>\n<li>Gehe als erstes in deine Foto App und fotografiere deine vollst\u00e4ndig gestempelte Stempelkarte.\n<p>Stelle bitte dabei sicher, dass der komplette rote Bereich zu sehen ist. (Siehe Symbolbild links)<\/p>\n<\/li>\n<li>Gehe danach auf diese Website zur\u00fcck und klicke dann auf den Button \u201eBild ausw\u00e4hlen\u201c und w\u00e4hle das gew\u00fcnschte Bild aus. Solltest du noch Bilder \u00e4lterer Stempelkarten haben, \u00fcberlege diese zu l\u00f6schen, um Verwechslungen zu vermeiden.\n<p><strong>Falls eine Fehlermeldung erscheint, dass die Datei zu gro\u00df ist, kannst du dein Bild auf externen Webseiten (wie z.B. <a href=\"https:\/\/www.iloveimg.com\/de\/bild-komprimieren\" target=\"_blank\" rel=\"noopener\">www.iloveimg.com<\/a>) verkleinern.<\/strong> Entschuldigung f\u00fcr den Umstand, wir arbeiten momentan an einer eleganteren L\u00f6sung.<\/p>\n<\/li>\n<li>Optional kannst du danach deine E-Mail Adresse hinterlegen, damit wir dich im Falle eines Gewinns kontaktieren k\u00f6nnen.<\/li>\n<li>W\u00e4hle anschlie\u00dfend aus, in welchem Ort du deinen Gewinn abholen willst. Bitte beachte dabei, dass regional beschr\u00e4nkte Gewinne wie der Stadtgutschein dann f\u00fcr den selben Ort ausgestellt werden.<\/li>\n<li>Vergiss nicht zu best\u00e4tigen, dass du kein Roboter bist \ud83d\ude42<\/li>\n<li>Wenn du fertig bist, einfach auf \u201eHochladen\u201c dr\u00fccken.<\/li>\n<\/ol>\n<p><b><u>Alternative:<\/u><\/b><\/p>\n<p>Schicke uns eine E-Mail mit:<\/p>\n<ul>\n<li>einem Foto der Stempelkarte<\/li>\n<li>dem Abholort des Gewinns (Grafing, Ebersberg, Zorneding oder Kirchseeon)<\/li>\n<\/ul>\n<p>an <a href=\"mailto:se@grafinggoesgreen.de\">info@grafinggoesgreen.de<\/a>&nbsp;<\/p>\n<p><span style=\"color: #008000;\"><strong>Viel Erfolg beim Gewinnen!<\/strong><\/span><\/p>\t\t\t\t\t\t\t\t<\/div>\n\t\t\t\t<\/div>\n\t\t\t\t\t<\/div>\n\t\t<\/div>\n\t\t\t\t\t<\/div>\n\t\t<\/section>\n\t\t\t\t<section class=\"elementor-section elementor-top-section elementor-element elementor-element-4d4bfb8 elementor-section-boxed elementor-section-height-default elementor-section-height-default\" data-id=\"4d4bfb8\" data-element_type=\"section\">\n\t\t\t\t\t\t<div class=\"elementor-container elementor-column-gap-default\">\n\t\t\t\t\t<div class=\"elementor-column elementor-col-100 elementor-top-column elementor-element elementor-element-d510fa3\" data-id=\"d510fa3\" data-element_type=\"column\">\n\t\t\t<div class=\"elementor-widget-wrap elementor-element-populated\">\n\t\t\t\t\t\t<div class=\"elementor-element elementor-element-6b80ba5 elementor-widget elementor-widget-shortcode\" data-id=\"6b80ba5\" data-element_type=\"widget\" data-widget_type=\"shortcode.default\">\n\t\t\t\t<div class=\"elementor-widget-container\">\n\t\t\t\t\t\t\t<div class=\"elementor-shortcode\">\n            <form class=\"wpuf-form-add wpuf-form-layout1 wpuf-style\" action=\"\" method=\"post\">\n\n                \n                <script type=\"text\/javascript\">\n                    if ( typeof wpuf_conditional_items === 'undefined' ) {\n                        wpuf_conditional_items = [];\n                    }\n\n                    if ( typeof wpuf_plupload_items === 'undefined' ) {\n                        wpuf_plupload_items = [];\n                    }\n\n                    if ( typeof wpuf_map_items === 'undefined' ) {\n                        wpuf_map_items = [];\n                    }\n                <\/script>\n\n                <ul class=\"wpuf-form form-label-left\">\n\n                            <li class=\"wpuf-el post_title  wpuf_hidden_field field-size-small\" data-label=\"hidden\">\n                    <div class=\"wpuf-label\">\n            <label for=\"post_title_1922\">\n                hidden <span class=\"required\">*<\/span>            <\/label>\n        <\/div>\n        \n            <div class=\"wpuf-fields\">\n                <input\n                    class=\"textfield wpuf_post_title_1922\"\n                    id=\"post_title_1922\"\n                    type=\"text\"\n                    data-duplicate=\"\"\n                    data-required=\"yes\"\n                    data-type=\"text\" name=\"post_title\"\n                    placeholder=\"Abgegebene Stempelkarte\"\n                    value=\"Abgegebene Stempelkarte\"\n                    size=\"40\"\n                \/>\n\n                <span class=\"wpuf-wordlimit-message wpuf-help\"><\/span>\n                            <\/div>\n                    <script type=\"text\/javascript\">\n            ;(function($) {\n                $(document).ready( function(){\n                    WP_User_Frontend.editorLimit.bind(100, \"post_title_1922\", \"no\", \"character\", \"max\");\n                });\n            })(jQuery);\n        <\/script>\n                <\/li>\n        \n            <li class=\"wpuf-el image_upload field-size-large\" data-label=\"Ausw\u00e4hlen:\">\n\n                    <div class=\"wpuf-label\">\n            <label for=\"image_upload_1922\">\n                Ausw\u00e4hlen: <span class=\"required\">*<\/span>            <\/label>\n        <\/div>\n        \n            <div class=\"wpuf-fields\">\n                <div id=\"wpuf-image_upload-1922-upload-container\">\n                    <div class=\"wpuf-attachment-upload-filelist\" data-type=\"file\" data-required=\"yes\">\n                        <a id=\"wpuf-image_upload-1922-pickfiles\" data-form_id=\"1922\" class=\"button file-selector  wpuf_image_upload_1922\" href=\"#\">Bild ausw\u00e4hlen<\/a>\n\n                        <ul class=\"wpuf-attachment-list thumbnails\">\n\n                                                    <\/ul>\n                    <\/div>\n                <\/div><!-- .container -->\n\n                        <span class=\"wpuf-help\">Die maximale Dateigr\u00f6\u00dfe betr\u00e4gt aktuell 2MB, wir versuchen dies so schnell wie m\u00f6glich zu beheben<\/span>\n        \n            <\/div> <!-- .wpuf-fields -->\n\n            <script type=\"text\/javascript\">\n                (function($) {\n                    $(document).ready( function(){\n                        var uploader = new WPUF_Uploader('wpuf-image_upload-1922-pickfiles', 'wpuf-image_upload-1922-upload-container', 1, 'image_upload', 'jpg,jpeg,gif,png,bmp,webp', 50000);\n                        wpuf_plupload_items.push(uploader);\n                    });\n                })(jQuery);\n            <\/script>\n\n\n                <\/li>\n            \n            <li class=\"wpuf-el gewinnnummer field-size-large\" data-label=\"Gewinnnummer\">\n\n                    <div class=\"wpuf-label\">\n            <label for=\"gewinnnummer_1922\">\n                Gewinnnummer <span class=\"required\">*<\/span>            <\/label>\n        <\/div>\n        \n            <div class=\"wpuf-fields\">\n                <input\n                    class=\"textfield wpuf_gewinnnummer_1922\"\n                    id=\"gewinnnummer_1922\"\n                    type=\"text\"\n                    data-required=\"yes\"\n                    data-type=\"text\" name=\"gewinnnummer\"\n                    placeholder=\"\"\n                    value=\"\"\n                    size=\"40\"\n                \/>\n\n                <span class=\"wpuf-wordlimit-message wpuf-help\"><\/span>\n                        <span class=\"wpuf-help\">Bitte geben Sie hier die Gewinnnummer unten auf Ihrer Stempelkarte ein.<\/span>\n                    <\/div>\n\n            \n        <\/li>\n\n                <\/li>\n            \n            <li class=\"wpuf-el email_address field-size-large\" data-label=\"E-Mail Adresse:\">\n\n                    <div class=\"wpuf-label\">\n            <label for=\"email_address_1922\">\n                E-Mail Adresse:            <\/label>\n        <\/div>\n        \n            <div class=\"wpuf-fields\">\n                <input\n                    id=\"email_address_1922\"\n                    type=\"email\"\n                    class=\"email  wpuf_email_address_1922\"\n                    data-duplicate=\"no\"\n                    data-required=\"no\"\n                    data-type=\"email\"\n                    name=\"email_address\"\n                    placeholder=\"\"\n                    value=\"\"\n                    size=\"40\"\n                    autocomplete=\"email\"\n                \/>\n                        <span class=\"wpuf-help\">Gerne kannst du im oberen Feld deine E-Mail-Adresse hinterlassen. Diese wird ausschlie\u00dflich zur Benachrichtigung im Falle deines Gewinns verwendet.<\/span>\n                    <\/div>\n\n                <\/li>\n            \n            <li class=\"wpuf-el encoded_data  wpuf_hidden_field field-size-large\" data-label=\"Abholort:\">\n\n                    <div class=\"wpuf-label\">\n            <label for=\"encoded_data_1922\">\n                Abholort: <span class=\"required\">*<\/span>            <\/label>\n        <\/div>\n        \n            <div class=\"wpuf-fields\">\n                <input\n                    class=\"textfield wpuf_encoded_data_1922\"\n                    id=\"encoded_data_1922\"\n                    type=\"text\"\n                    data-required=\"yes\"\n                    data-type=\"text\" name=\"encoded_data\"\n                    placeholder=\"\"\n                    value=\"\"\n                    size=\"40\"\n                \/>\n\n                <span class=\"wpuf-wordlimit-message wpuf-help\"><\/span>\n                            <\/div>\n\n            \n        <\/li>\n\n                <\/li>\n                    <li class=\"wpuf-el custom_html\" data-label=\"Custom HTML\">\n\n            <div class=\"wpuf-fields html_1922 wpuf_custom_html_1922\">\n                <script>\n\t\tvar last_selected_checkbox = \"None\";\n\n\t\tfunction main(id){\n\t\t\tvar textbox = document.getElementById(\"encoded_data_1922\");\n\t\t\tvar element_value = document.getElementById(id).value;\n\t\t\tif (last_selected_checkbox == \"None\"){\n\t\t\t\tlast_selected_checkbox = id;\n\t\t\t\ttextbox.value = pretty_strings(element_value);\n\t\t\t\treturn;\n\t\t\t} else if (last_selected_checkbox == id){\n\t\t\t\tlast_selected_checkbox = \"None\";\n\t\t\t\ttextbox.value = \"\";\n\t\t\t\treturn;\n\t\t\t} else if (last_selected_checkbox != \"None\"){\n\t\t\t\tdocument.getElementById(last_selected_checkbox).checked = false;\n\t\t\t\tlast_selected_checkbox = id;\n\t\t\t\ttextbox.value = pretty_strings(element_value);\n\t\t\t}\n\t\t}\n\t\t\n\t\tfunction pretty_strings(val){\n\t\t\treturn String(val).charAt(0).toUpperCase() + String(val).slice(1);\n\t\t}\n\n\t\tfunction checkbox_0_checked(){\n\t\t\tmain(\"checkbox_0\");\n\t\t}\n\n\t\tfunction checkbox_1_checked(){\n\t\t\tmain(\"checkbox_1\");\n\t\t}\n\n\t\tfunction checkbox_2_checked(){\n\t\t\tmain(\"checkbox_2\");\n\t\t}\n\t\t\n\t\tfunction checkbox_3_checked() {\n\t\t\tmain(\"checkbox_3\");\n\t\t}\n\t\t\n\t<\/script>\n\n\t<li class=\"wpuf-el stadt_ field-size-large\" data-label=\"Abholort:\">\n\t\t\n\t\t<div class=\"wpuf-label\">\n\t\t\t<label for=\"stadt__1922\">Abholort:<\/label>\n\t\t<\/div>\n\t\t\n\t\t<div class=\"wpuf-fields\">\n\t\t\n\t\t\t<label class=\"wpuf-checkbox-block\">\n\t\t\t\t<input type=\"checkbox\" class=\"wpuf_stadt__1922\" name=\"stadt_[]\" value=\"grafing\" data-required=\"no\" data-type=\"checkbox\" id=\"checkbox_0\" onclick=\"checkbox_0_checked()\">Grafing\n\t\t\t<\/label>\n\t\t\t\n\t\t\t<label class=\"wpuf-checkbox-block\">\n\t\t\t\t<input type=\"checkbox\" class=\"wpuf_stadt__1922\" name=\"stadt_[]\" value=\"ebersberg\" data-required=\"no\" data-type=\"checkbox\" id=\"checkbox_1\" onclick=\"checkbox_1_checked()\">Ebersberg\n\t\t\t<\/label>\n\t\t\t\n\t\t\t<label class=\"wpuf-checkbox-block\">\n\t\t\t\t<input type=\"checkbox\" class=\"wpuf_stadt__1922\" name=\"stadt_[]\" value=\"zorneding\" data-required=\"no\" data-type=\"checkbox\" id=\"checkbox_2\" onclick=\"checkbox_2_checked()\">Zorneding\n\t\t\t<\/label>\n\t\t\t\n\t\t\t<label class=\"wpuf-checkbox-block\">\n\t\t\t\t<input type=\"checkbox\" class=\"wpuf_stadt__1922\" name=\"stadt_[]\" value=\"kirchseeon\" data-required=\"no\" data-type=\"checkbox\" id=\"checkbox_3\" onclick=\"checkbox_3_checked()\">Kirchseeon\n\t\t\t<\/label>\n\t\t\t\n\t\t\t<span class=\"wpuf-help\">In welcher Stadt willst du deinen Gewinn abholen? Stadtgutscheine gelten entsprechend der Angabe. Alle Daten werden gem\u00e4\u00df unserer Datenschutzverordnung verarbeitet und ausschlie\u00dflich f\u00fcr die Gewinnerlosung verarbeitet.<\/span>\n\t\t\t\n\t\t<\/div>\n\t<\/li>            <\/div>\n\n        <\/li>\n\n         <li class=\"wpuf-el recaptcha\" data-label=\"\">\n\n                    <div class=\"wpuf-label\">\n            <label for=\"recaptcha_0\">\n                            <\/label>\n        <\/div>\n        \n                <div class=\"wpuf-fields  wpuf_recaptcha_1922\">\n                    <script>\n                        function wpufRecaptchaCallback(token) {\n                            jQuery('[name=\"g-recaptcha-response\"]').val(token);\n                            jQuery('.wpuf-submit-button').attr('disabled',false).show();\n                            jQuery('.wpuf-submit-btn-recaptcha').hide();\n                        }\n\n                        jQuery(document).ready( function($) {\n                            $('.wpuf-submit-button').attr('disabled',true);\n                        });\n                    <\/script>\n\n                    <input type=\"hidden\" name=\"g-recaptcha-response\">\n                \n                                        <div id='recaptcha' data-theme=\"light\" class=\"g-recaptcha\" data-sitekey=\"6Lf1FyYqAAAAAFN_J0aaHiareRQjkQyby4RQVKKj\" data-callback=\"wpufRecaptchaCallback\"><\/div>\n                \n                <\/div>\n\n            \n        <\/li>\n\n        \n        <li class=\"wpuf-submit\">\n            <div class=\"wpuf-label\">\n                &nbsp;\n            <\/div>\n\n            <input type=\"hidden\" id=\"_wpnonce\" name=\"_wpnonce\" value=\"e1a851c19d\" \/><input type=\"hidden\" name=\"_wp_http_referer\" value=\"\/index.php\/wp-json\/wp\/v2\/pages\/1909\" \/>            <input type=\"hidden\" name=\"form_id\" value=\"1922\">\n            <input type=\"hidden\" name=\"page_id\" value=\"1909\">\n            <input type=\"hidden\" id=\"del_attach\" name=\"delete_attachments[]\">\n            <input type=\"hidden\" name=\"action\" value=\"wpuf_submit_post\">\n\n            \n                            <input type=\"submit\" class=\"wpuf-submit-button wpuf_submit_1922\" name=\"submit\" value=\"Hochladen\" \/>\n            \n                    <\/li>\n\n        \n                <\/ul>\n\n            <input\n                    class=\"apbct_special_field apbct_email_id__elementor_form\"\n                    name=\"apbct__email_id__elementor_form\"\n                    aria-label=\"apbct__label_id__elementor_form\"\n                    type=\"text\" size=\"30\" maxlength=\"200\" autocomplete=\"off\"\n                    value=\"\"\n                \/><\/form>\n\n            <\/div>\n\t\t\t\t\t\t<\/div>\n\t\t\t\t<\/div>\n\t\t\t\t\t<\/div>\n\t\t<\/div>\n\t\t\t\t\t<\/div>\n\t\t<\/section>\n\t\t\t\t<\/div>\n\t\t","protected":false},"excerpt":{"rendered":"<p>Anleitung: Gehe als erstes in deine Foto App und fotografiere deine vollst\u00e4ndig gestempelte Stempelkarte. Stelle bitte dabei sicher, dass der komplette rote Bereich zu sehen ist. (Siehe Symbolbild links) Gehe danach auf diese Website zur\u00fcck und klicke dann auf den Button \u201eBild ausw\u00e4hlen\u201c und w\u00e4hle das gew\u00fcnschte Bild aus. Solltest du noch Bilder \u00e4lterer Stempelkarten [&hellip;]<\/p>\n","protected":false},"author":1,"featured_media":0,"parent":0,"menu_order":0,"comment_status":"closed","ping_status":"closed","template":"","meta":{"footnotes":""},"class_list":["post-1909","page","type-page","status-publish","hentry"],"_links":{"self":[{"href":"https:\/\/grafinggoesgreen.de\/index.php\/wp-json\/wp\/v2\/pages\/1909","targetHints":{"allow":["GET"]}}],"collection":[{"href":"https:\/\/grafinggoesgreen.de\/index.php\/wp-json\/wp\/v2\/pages"}],"about":[{"href":"https:\/\/grafinggoesgreen.de\/index.php\/wp-json\/wp\/v2\/types\/page"}],"author":[{"embeddable":true,"href":"https:\/\/grafinggoesgreen.de\/index.php\/wp-json\/wp\/v2\/users\/1"}],"replies":[{"embeddable":true,"href":"https:\/\/grafinggoesgreen.de\/index.php\/wp-json\/wp\/v2\/comments?post=1909"}],"version-history":[{"count":126,"href":"https:\/\/grafinggoesgreen.de\/index.php\/wp-json\/wp\/v2\/pages\/1909\/revisions"}],"predecessor-version":[{"id":3033,"href":"https:\/\/grafinggoesgreen.de\/index.php\/wp-json\/wp\/v2\/pages\/1909\/revisions\/3033"}],"wp:attachment":[{"href":"https:\/\/grafinggoesgreen.de\/index.php\/wp-json\/wp\/v2\/media?parent=1909"}],"curies":[{"name":"wp","href":"https:\/\/api.w.org\/{rel}","templated":true}]}}