{"id":1325,"date":"2020-03-06T14:56:56","date_gmt":"2020-03-06T13:56:56","guid":{"rendered":"https:\/\/grafinggoesgreen.de\/?page_id=1325"},"modified":"2026-04-04T17:27:51","modified_gmt":"2026-04-04T15:27:51","slug":"impressum-und-datenschutz","status":"publish","type":"page","link":"https:\/\/grafinggoesgreen.de\/index.php\/impressum-und-datenschutz\/","title":{"rendered":"Impressum und Datenschutzerkl\u00e4rung"},"content":{"rendered":"<p><strong>Impressum<\/strong><\/p>\n<p>Grafing Goes Green e.V. wird vertreten durch Theresa Obermaier, Alexander Pechmann, Selina Einhellig, Antonia H\u00f6felsauer, und Ferdinand M\u00f6llmann.<\/p>\n<p>Kontakt:<\/p>\n<p>Tel.: 0176 22366486 (Antonia H\u00f6felsauer), E-Mail:\u00a0 <a href=\"mailto:info@grafinggoesgreen.de\">info@grafinggoesgreen.de<\/a><\/p>\n<p>Weitere gesetzliche Hinweise: Grafing Goes Green e.V. freut sich \u00fcber Ihren Besuch auf dieser Website. S\u00e4mtliche auf der Website erhobenen pers\u00f6nlichen Daten werden ausschlie\u00dflich zu Ihrer individuellen Betreuung, der \u00dcbersendung von Informationen oder der Unterbreitung von Angeboten gespeichert und verarbeitet. Grafing Goes Green e.V. sichert zu, Ihre Angaben entsprechend den geltenden datenschutzrechtlichen Bestimmungen vertraulich zu behandeln. Der Verein ist grunds\u00e4tzlich nicht verpflichtet und auch nicht freiwillig dazu bereit, an Streitbeilegungsverfahren vor einer Verbraucherschlichtungsstelle teilzunehmen.<\/p>\n<p><strong>Datenschutzerkl\u00e4rung<\/strong><\/p>\n<p>Grafing Goes Green e.V. nimmt als Anbieter seiner Websites und verantwortliche Stelle die Verpflichtung zum Datenschutz sehr ernst und gestaltet seine Websites so, dass nur so wenige personenbezogene Daten wie n\u00f6tig erhoben, verarbeitet und genutzt werden. Unter keinen Umst\u00e4nden werden personenbezogene Daten zu Werbezwecken an Dritte weitergegeben. Ohne die ausdr\u00fcckliche Einwilligung der Besuchenden werden keine personenbezogenen Daten f\u00fcr Werbe- oder Marketingzwecke genutzt.<\/p>\n<p>Zugriff auf personenbezogene Daten haben bei Grafing Goes Green e.V. nur solche Personen, die diese Daten zur Durchf\u00fchrung ihrer Aufgaben innerhalb der verantwortlichen Stelle ben\u00f6tigen, die \u00fcber die gesetzlichen Bestimmungen zum Datenschutz informiert sind und sich gem\u00e4\u00df der geltenden gesetzlichen Bestimmungen (\u00a7 5 Bundesdatenschutzgesetzes [BDSG], bzw. Art. 5 der EU-Datenschutzgrundverordnung [EU-DSGVO]) verpflichtet haben, diese einzuhalten. Die Erhebung, Verarbeitung, Nutzung und \u00dcbermittlung der erhobenen personenbezogenen Daten erfolgt nach \u00a7 28 Abs. 1 und Abs. 3 BDSG, bzw., ab dem 25.05.2018, Art. 6. Abs. 1 EU-DSGVO, jeweils nur in dem Umfang, der f\u00fcr die Durchf\u00fchrung eines Vertragsverh\u00e4ltnisses zwischen dem Grafing Goes Green e.V. als verantwortlicher Stelle, und dem Besuchenden, als Betroffenem, erforderlich ist. Bei Angabe einer E-Mail Adresse bei der digitalen Stempelkartenabgabe und bei Mailkontakt bzgl. des Gewinns wird diese E-Mail Adresse bis zu vierundzwanzig Monate zu Analysezwecken sowie \u00dcbermittlung m\u00f6glicher wichtiger Informationen von GGG an Sie, gespeichert.<\/p>\n<p>Zweck\u00e4nderungen der Verarbeitung und Datennutzung<\/p>\n<p>Da sich auf Grund des technischen Fortschritts und organisatorischer \u00c4nderungen der eingesetzten Verarbeitungsverfahren \u00e4ndern\/weiterentwickeln k\u00f6nnen behalten wir uns vor, die vorliegende Datenschutzerkl\u00e4rung gem\u00e4\u00df den neuen technischen Rahmenbedingungen weiterzuentwickeln. Wir bitten Sie deshalb die Datenschutzerkl\u00e4rung von den Websites des Grafing Goes Green e.V. von Zeit zu Zeit zu \u00fcberpr\u00fcfen. Sollten Sie mit den im Verlaufe der Zeit auftretenden Weiterentwicklungen nicht einverstanden sein, so k\u00f6nnen Sie schriftlich, gem\u00e4\u00df Art. 17 EU-DSGVO, eine L\u00f6schung der Daten, die nicht auf Grundlage anderer gesetzlicher Vorgaben, wie handelsrechtlicher oder steuerrechtlicher Aufbewahrungspflichten, gespeichert werden, verlangen.<\/p>\n<p>Anonyme Datenerhebung<\/p>\n<p>Sie k\u00f6nnen die Websites der verantwortlichen Stelle grunds\u00e4tzlich besuchen, ohne uns mitzuteilen, wer Sie sind. Wir erfahren nur den Namen Ihres Internet Service Providers, die Website, von der aus Sie uns besuchen, und die Websites, die Sie bei uns besuchen. Diese Informationen werden zu statistischen Zwecken ausgewertet. Sie bleiben als\u00a0Nutzer:in hierbei anonym.<\/p>\n","protected":false},"excerpt":{"rendered":"<p>Impressum Grafing Goes Green e.V. wird vertreten durch Theresa Obermaier, Alexander Pechmann, Selina Einhellig, Antonia H\u00f6felsauer, und Ferdinand M\u00f6llmann. Kontakt: Tel.: 0176 22366486 (Antonia H\u00f6felsauer), E-Mail:\u00a0 info@grafinggoesgreen.de Weitere gesetzliche Hinweise: Grafing Goes Green e.V. freut sich \u00fcber Ihren Besuch auf dieser Website. S\u00e4mtliche auf der Website erhobenen pers\u00f6nlichen Daten werden ausschlie\u00dflich zu Ihrer individuellen Betreuung, [&hellip;]<\/p>\n","protected":false},"author":1,"featured_media":0,"parent":0,"menu_order":0,"comment_status":"closed","ping_status":"closed","template":"","meta":{"footnotes":""},"class_list":["post-1325","page","type-page","status-publish","hentry"],"_links":{"self":[{"href":"https:\/\/grafinggoesgreen.de\/index.php\/wp-json\/wp\/v2\/pages\/1325","targetHints":{"allow":["GET"]}}],"collection":[{"href":"https:\/\/grafinggoesgreen.de\/index.php\/wp-json\/wp\/v2\/pages"}],"about":[{"href":"https:\/\/grafinggoesgreen.de\/index.php\/wp-json\/wp\/v2\/types\/page"}],"author":[{"embeddable":true,"href":"https:\/\/grafinggoesgreen.de\/index.php\/wp-json\/wp\/v2\/users\/1"}],"replies":[{"embeddable":true,"href":"https:\/\/grafinggoesgreen.de\/index.php\/wp-json\/wp\/v2\/comments?post=1325"}],"version-history":[{"count":13,"href":"https:\/\/grafinggoesgreen.de\/index.php\/wp-json\/wp\/v2\/pages\/1325\/revisions"}],"predecessor-version":[{"id":3018,"href":"https:\/\/grafinggoesgreen.de\/index.php\/wp-json\/wp\/v2\/pages\/1325\/revisions\/3018"}],"wp:attachment":[{"href":"https:\/\/grafinggoesgreen.de\/index.php\/wp-json\/wp\/v2\/media?parent=1325"}],"curies":[{"name":"wp","href":"https:\/\/api.w.org\/{rel}","templated":true}]}}